{"id":644,"date":"2023-03-03T18:32:56","date_gmt":"2023-03-03T17:32:56","guid":{"rendered":"http:\/\/transportsminguet.com\/aviso-legal\/"},"modified":"2023-03-28T11:56:31","modified_gmt":"2023-03-28T10:56:31","slug":"aviso-legal","status":"publish","type":"page","link":"https:\/\/transportsminguet.com\/es\/aviso-legal\/","title":{"rendered":"Aviso legal"},"content":{"rendered":"\n<p><strong>Grup Transports Minguet<\/strong>, en su condici\u00f3n de titular y responsable de la presente web, en cumplimiento con lo establecido en el art\u00edculo 10 de la Ley 34\/2002, de 11 de julio, de servicios de la sociedad de la informaci\u00f3n y de comercio electr\u00f3nico, pone a disposici\u00f3n de los usuarios la siguiente informaci\u00f3n de car\u00e1cter general.<\/p>\n\n<p>El <strong>Grup Transports Minguet<\/strong> est\u00e1 formado por las siguientes empresas:<\/p>\n\n<p><strong>Minguet Trans<\/strong>, es una S.A. que tiene como raz\u00f3n social Crta. de la Canya, 115, 17800 Olot (Girona), Espanya i est\u00e1 inscrita en el Registro Mercantil de Girona, Tomo 301, Libro 216, secci\u00f3n 3\u00aa, folio 28, Hoja n\u00fam. 3892, Inscrip. 1\u00ba y con el n\u00famero de identificaci\u00f3 fiscal o NIF A 17 048 935.<\/p>\n\n<p><strong>Hormigones Pirenaicos SA<\/strong>, es una S.A. que tiene como a raz\u00f3n social Crta. de la Canya, 115, 17800 Olot (Girona), Espanya y est\u00e1 inscrita en el Registro Mercantil de Girona, Tomo 158, Libro 86, Secci\u00f3 3, Folio 208, Hoja n\u00fam. 1558, Inscrip. 1\u00ba y con el n\u00famero de identificaci\u00f3 fiscal o NIF B 17 021 551.<\/p>\n\n<p><strong>Cales, Yesos y Cementos Olot<\/strong>, es una S.A. que tiene como raz\u00f3n social Crta. de la Canya, 115, 17800 Olot (Girona), Espanya y est\u00e1 inscrita en el Registro Mercantil de Girona, Hoja 1389, Folio 109, Libro 41 y con el n\u00famero de identificaci\u00f3n fiscal o NIF A 17 003 054.<\/p>\n\n<p>Para cualquier consulta o reclamaci\u00f3n relativa a las p\u00e1ginas www.grupminguet.com, o a la informaci\u00f3n o a los productos y servicios los usuarios pueden dirigirse a la siguiente direcci\u00f3n:<\/p>\n\n<p><strong>Grup Transports Minguet<\/strong><br\/>Ctra. de la Canya, s\/n<br\/>17800 Olot (Girona) Espanya<br\/>Tel.: 972 262 050<br\/>e-mail: <a href=\"mailto:admin@transportsminguet.com\">admin@transportsminguet.com<\/a><\/p>\n","protected":false},"excerpt":{"rendered":"<p>Grup Transports Minguet, en su condici\u00f3n de titular y responsable de la presente web, en cumplimiento con lo establecido en el art\u00edculo 10 de la Ley 34\/2002, de 11 de julio, de servicios de la sociedad de la informaci\u00f3n y de comercio electr\u00f3nico, pone a disposici\u00f3n de los usuarios la siguiente informaci\u00f3n de car\u00e1cter general. [&hellip;]<\/p>\n","protected":false},"author":2,"featured_media":0,"parent":0,"menu_order":0,"comment_status":"closed","ping_status":"closed","template":"","meta":{"_acf_changed":false,"footnotes":""},"landing_page":[6],"class_list":["post-644","page","type-page","status-publish","hentry"],"acf":[],"yoast_head":"<!-- This site is optimized with the Yoast SEO plugin v27.0 - https:\/\/yoast.com\/product\/yoast-seo-wordpress\/ -->\n<title>Aviso legal - Transports Minguet<\/title>\n<meta name=\"robots\" content=\"index, follow, max-snippet:-1, max-image-preview:large, max-video-preview:-1\" \/>\n<link rel=\"canonical\" href=\"https:\/\/transportsminguet.com\/es\/aviso-legal\/\" \/>\n<meta property=\"og:locale\" content=\"es_ES\" \/>\n<meta property=\"og:type\" content=\"article\" \/>\n<meta property=\"og:title\" content=\"Aviso legal - Transports Minguet\" \/>\n<meta property=\"og:description\" content=\"Grup Transports Minguet, en su condici\u00f3n de titular y responsable de la presente web, en cumplimiento con lo establecido en el art\u00edculo 10 de la Ley 34\/2002, de 11 de julio, de servicios de la sociedad de la informaci\u00f3n y de comercio electr\u00f3nico, pone a disposici\u00f3n de los usuarios la siguiente informaci\u00f3n de car\u00e1cter general. [&hellip;]\" \/>\n<meta property=\"og:url\" content=\"https:\/\/transportsminguet.com\/es\/aviso-legal\/\" \/>\n<meta property=\"og:site_name\" content=\"Transports Minguet\" \/>\n<meta property=\"article:modified_time\" content=\"2023-03-28T10:56:31+00:00\" \/>\n<meta name=\"twitter:card\" content=\"summary_large_image\" \/>\n<meta name=\"twitter:label1\" content=\"Tiempo de lectura\" \/>\n\t<meta name=\"twitter:data1\" content=\"1 minuto\" \/>\n<script type=\"application\/ld+json\" class=\"yoast-schema-graph\">{\"@context\":\"https:\/\/schema.org\",\"@graph\":[{\"@type\":\"WebPage\",\"@id\":\"https:\/\/transportsminguet.com\/es\/aviso-legal\/\",\"url\":\"https:\/\/transportsminguet.com\/es\/aviso-legal\/\",\"name\":\"Aviso legal - Transports Minguet\",\"isPartOf\":{\"@id\":\"https:\/\/transportsminguet.com\/#website\"},\"datePublished\":\"2023-03-03T17:32:56+00:00\",\"dateModified\":\"2023-03-28T10:56:31+00:00\",\"breadcrumb\":{\"@id\":\"https:\/\/transportsminguet.com\/es\/aviso-legal\/#breadcrumb\"},\"inLanguage\":\"es\",\"potentialAction\":[{\"@type\":\"ReadAction\",\"target\":[\"https:\/\/transportsminguet.com\/es\/aviso-legal\/\"]}]},{\"@type\":\"BreadcrumbList\",\"@id\":\"https:\/\/transportsminguet.com\/es\/aviso-legal\/#breadcrumb\",\"itemListElement\":[{\"@type\":\"ListItem\",\"position\":1,\"name\":\"Inici\",\"item\":\"https:\/\/transportsminguet.com\/es\/\"},{\"@type\":\"ListItem\",\"position\":2,\"name\":\"Aviso legal\"}]},{\"@type\":\"WebSite\",\"@id\":\"https:\/\/transportsminguet.com\/#website\",\"url\":\"https:\/\/transportsminguet.com\/\",\"name\":\"Transports Minguet\",\"description\":\"\",\"potentialAction\":[{\"@type\":\"SearchAction\",\"target\":{\"@type\":\"EntryPoint\",\"urlTemplate\":\"https:\/\/transportsminguet.com\/?s={search_term_string}\"},\"query-input\":{\"@type\":\"PropertyValueSpecification\",\"valueRequired\":true,\"valueName\":\"search_term_string\"}}],\"inLanguage\":\"es\"}]}<\/script>\n<!-- \/ Yoast SEO plugin. -->","yoast_head_json":{"title":"Aviso legal - Transports Minguet","robots":{"index":"index","follow":"follow","max-snippet":"max-snippet:-1","max-image-preview":"max-image-preview:large","max-video-preview":"max-video-preview:-1"},"canonical":"https:\/\/transportsminguet.com\/es\/aviso-legal\/","og_locale":"es_ES","og_type":"article","og_title":"Aviso legal - Transports Minguet","og_description":"Grup Transports Minguet, en su condici\u00f3n de titular y responsable de la presente web, en cumplimiento con lo establecido en el art\u00edculo 10 de la Ley 34\/2002, de 11 de julio, de servicios de la sociedad de la informaci\u00f3n y de comercio electr\u00f3nico, pone a disposici\u00f3n de los usuarios la siguiente informaci\u00f3n de car\u00e1cter general. [&hellip;]","og_url":"https:\/\/transportsminguet.com\/es\/aviso-legal\/","og_site_name":"Transports Minguet","article_modified_time":"2023-03-28T10:56:31+00:00","twitter_card":"summary_large_image","twitter_misc":{"Tiempo de lectura":"1 minuto"},"schema":{"@context":"https:\/\/schema.org","@graph":[{"@type":"WebPage","@id":"https:\/\/transportsminguet.com\/es\/aviso-legal\/","url":"https:\/\/transportsminguet.com\/es\/aviso-legal\/","name":"Aviso legal - Transports Minguet","isPartOf":{"@id":"https:\/\/transportsminguet.com\/#website"},"datePublished":"2023-03-03T17:32:56+00:00","dateModified":"2023-03-28T10:56:31+00:00","breadcrumb":{"@id":"https:\/\/transportsminguet.com\/es\/aviso-legal\/#breadcrumb"},"inLanguage":"es","potentialAction":[{"@type":"ReadAction","target":["https:\/\/transportsminguet.com\/es\/aviso-legal\/"]}]},{"@type":"BreadcrumbList","@id":"https:\/\/transportsminguet.com\/es\/aviso-legal\/#breadcrumb","itemListElement":[{"@type":"ListItem","position":1,"name":"Inici","item":"https:\/\/transportsminguet.com\/es\/"},{"@type":"ListItem","position":2,"name":"Aviso legal"}]},{"@type":"WebSite","@id":"https:\/\/transportsminguet.com\/#website","url":"https:\/\/transportsminguet.com\/","name":"Transports Minguet","description":"","potentialAction":[{"@type":"SearchAction","target":{"@type":"EntryPoint","urlTemplate":"https:\/\/transportsminguet.com\/?s={search_term_string}"},"query-input":{"@type":"PropertyValueSpecification","valueRequired":true,"valueName":"search_term_string"}}],"inLanguage":"es"}]}},"_links":{"self":[{"href":"https:\/\/transportsminguet.com\/es\/wp-json\/wp\/v2\/pages\/644","targetHints":{"allow":["GET"]}}],"collection":[{"href":"https:\/\/transportsminguet.com\/es\/wp-json\/wp\/v2\/pages"}],"about":[{"href":"https:\/\/transportsminguet.com\/es\/wp-json\/wp\/v2\/types\/page"}],"author":[{"embeddable":true,"href":"https:\/\/transportsminguet.com\/es\/wp-json\/wp\/v2\/users\/2"}],"replies":[{"embeddable":true,"href":"https:\/\/transportsminguet.com\/es\/wp-json\/wp\/v2\/comments?post=644"}],"version-history":[{"count":5,"href":"https:\/\/transportsminguet.com\/es\/wp-json\/wp\/v2\/pages\/644\/revisions"}],"predecessor-version":[{"id":655,"href":"https:\/\/transportsminguet.com\/es\/wp-json\/wp\/v2\/pages\/644\/revisions\/655"}],"wp:attachment":[{"href":"https:\/\/transportsminguet.com\/es\/wp-json\/wp\/v2\/media?parent=644"}],"wp:term":[{"taxonomy":"landing_page","embeddable":true,"href":"https:\/\/transportsminguet.com\/es\/wp-json\/wp\/v2\/landing_page?post=644"}],"curies":[{"name":"wp","href":"https:\/\/api.w.org\/{rel}","templated":true}]}}