{"id":646,"date":"2023-03-03T18:12:37","date_gmt":"2023-03-03T17:12:37","guid":{"rendered":"http:\/\/transportsminguet.com\/condiciones-de-uso\/"},"modified":"2023-03-24T17:05:40","modified_gmt":"2023-03-24T16:05:40","slug":"condiciones-de-uso","status":"publish","type":"page","link":"https:\/\/transportsminguet.com\/es\/condiciones-de-uso\/","title":{"rendered":"Condiciones de uso"},"content":{"rendered":"\n<p>La utilizaci\u00f3n de esta publicaci\u00f3n digital implica la aceptaci\u00f3n de las siguientes condiciones de uso: <\/p>\n\n<p>La publicaci\u00f3n digital de <strong>Grup Transports Minguet<\/strong> , tiene como objetivo facilitar a nuestros clientes y al p\u00fablico en general la informaci\u00f3n relativa a la compa\u00f1\u00eda y a los productos y servicios que se ofrecen.<\/p>\n\n<p><strong>Grup Transports Minguet<\/strong> se reserva la facultad de efectuar, en cualquier momento, modificaciones en la informaci\u00f3n contenida en su publicaci\u00f3n digital, as\u00ed como suspender el acceso en cualquier momento y sin previo aviso.<\/p>\n\n<p><strong>Grup Transports Minguet<\/strong> no se compromete a la actualizaci\u00f3n inmediata de la informaci\u00f3n contenida en la publicaci\u00f3n digital.<\/p>\n\n<p><strong>Grup Transports Minguet<\/strong> no asume ninguna responsabilidad derivada de los contenidos que tengan terceras partes en los enlaces o v\u00ednculos a los cuales se hace referencia en estas p\u00e1ginas.<\/p>\n\n<p><strong>Grup Transports Minguet<\/strong> no se responsabiliza de cualquier da\u00f1o o perjuicio en el software o hardware del usuario derivado del acceso a su publicaci\u00f3n digital o del uso de la informaci\u00f3n o aplicaciones que contenga.<\/p>\n\n<p><strong>Grup Transports Minguet<\/strong> es titular de todos los derechos sobre el software de la publiaci\u00f3n digital as\u00ed como de los derechos de propiedad industrial e intelectual referidos a los contenidos que se incluyan, a excepci\u00f3n de los derechos sobre productos y servicios de car\u00e1cter p\u00fablico que NO son propiedad de esta compa\u00f1\u00eda, las marcas de los cuales est\u00e1n registradas a favor de sus respectivos titulares, y como tales son reconocidas por <strong>Grup Transports Minguet<\/strong>. Ning\u00fan material de esta publicaci\u00f3n digital podr\u00e1 ser reproducido, copiado o publicado sin el consentimiento por escrito de <strong>Grup Transports Minguet<\/strong>.<\/p>\n\n<p><strong>Grup Transports Minguet<\/strong> respetar\u00e1 escrupulosamente la confidencialidad de los datos de car\u00e1cter personal aportados por los visitantes de la publicaci\u00f3n digital, mediante el cumplimiento de la normativa vigente sobre protecci\u00f3n de datos, y entre otros, de lo que dispone la Ley Org\u00e1nica 15\/1999, de 13 de diciembre, de Protecci\u00f3n de Datos de Car\u00e1cter Personal.<\/p>\n\n<p>El correo electr\u00f3nico no se considerar\u00e1 como un medio v\u00e1lido a efectos de presentaci\u00f3n de reclamaciones. Para este fin deber\u00e1 dirigirse al servicio de atenci\u00f3n al cliente de Grup Transports Minguet, que indicar\u00e1 en cada caso los puntos a seguir.<\/p>\n\n<p>Toda la informaci\u00f3n que se reciba en estas p\u00e1ginas, como por ejemplo comentarios, sugerencias o ideas, se considerar\u00e1 cedida a<strong>Grup Transports Minguet<\/strong>, de forma gratuita. No enviar, por favor, informaci\u00f3n que NO pueda ser tratada as\u00ed.<\/p>\n\n<p>Todos los productos y servicios de estas p\u00e1ginas que NO son propiedad de <strong>Grup Transports Minguet<\/strong>, son marcas registradas de sus respectivos propietarios y son reconocidas como tales por <strong>Grup Transports Minguet<\/strong>, aparecen en esta publiaci\u00f3n digital a efectos de promoci\u00f3n y de recopilaci\u00f3n de informaci\u00f3n. Estos propietarios pueden solicitar la modificaci\u00f3n o eliminaci\u00f3n de la informaci\u00f3n que les pertenece. Por otro lado, la aparici\u00f3n de estas terceras marcas no implica necesariamente su recomendaci\u00f3n.<\/p>\n\n<p>Qualquier tipo de notificaci\u00f3n y\/o reclamaci\u00f3n solamente ser\u00e1 v\u00e1lida por notificaci\u00f3n escrita y\/o correo certificado.<\/p>\n","protected":false},"excerpt":{"rendered":"<p>La utilizaci\u00f3n de esta publicaci\u00f3n digital implica la aceptaci\u00f3n de las siguientes condiciones de uso: La publicaci\u00f3n digital de Grup Transports Minguet , tiene como objetivo facilitar a nuestros clientes y al p\u00fablico en general la informaci\u00f3n relativa a la compa\u00f1\u00eda y a los productos y servicios que se ofrecen. Grup Transports Minguet se reserva [&hellip;]<\/p>\n","protected":false},"author":2,"featured_media":0,"parent":0,"menu_order":0,"comment_status":"closed","ping_status":"closed","template":"","meta":{"_acf_changed":false,"footnotes":""},"landing_page":[6],"class_list":["post-646","page","type-page","status-publish","hentry"],"acf":[],"yoast_head":"<!-- This site is optimized with the Yoast SEO plugin v27.0 - https:\/\/yoast.com\/product\/yoast-seo-wordpress\/ -->\n<title>Condiciones de uso - Transports Minguet<\/title>\n<meta name=\"robots\" content=\"index, follow, max-snippet:-1, max-image-preview:large, max-video-preview:-1\" \/>\n<link rel=\"canonical\" href=\"https:\/\/transportsminguet.com\/es\/condiciones-de-uso\/\" \/>\n<meta property=\"og:locale\" content=\"es_ES\" \/>\n<meta property=\"og:type\" content=\"article\" \/>\n<meta property=\"og:title\" content=\"Condiciones de uso - Transports Minguet\" \/>\n<meta property=\"og:description\" content=\"La utilizaci\u00f3n de esta publicaci\u00f3n digital implica la aceptaci\u00f3n de las siguientes condiciones de uso: La publicaci\u00f3n digital de Grup Transports Minguet , tiene como objetivo facilitar a nuestros clientes y al p\u00fablico en general la informaci\u00f3n relativa a la compa\u00f1\u00eda y a los productos y servicios que se ofrecen. Grup Transports Minguet se reserva [&hellip;]\" \/>\n<meta property=\"og:url\" content=\"https:\/\/transportsminguet.com\/es\/condiciones-de-uso\/\" \/>\n<meta property=\"og:site_name\" content=\"Transports Minguet\" \/>\n<meta property=\"article:modified_time\" content=\"2023-03-24T16:05:40+00:00\" \/>\n<meta name=\"twitter:card\" content=\"summary_large_image\" \/>\n<meta name=\"twitter:label1\" content=\"Tiempo de lectura\" \/>\n\t<meta name=\"twitter:data1\" content=\"3 minutos\" \/>\n<script type=\"application\/ld+json\" class=\"yoast-schema-graph\">{\"@context\":\"https:\/\/schema.org\",\"@graph\":[{\"@type\":\"WebPage\",\"@id\":\"https:\/\/transportsminguet.com\/es\/condiciones-de-uso\/\",\"url\":\"https:\/\/transportsminguet.com\/es\/condiciones-de-uso\/\",\"name\":\"Condiciones de uso - Transports Minguet\",\"isPartOf\":{\"@id\":\"https:\/\/transportsminguet.com\/#website\"},\"datePublished\":\"2023-03-03T17:12:37+00:00\",\"dateModified\":\"2023-03-24T16:05:40+00:00\",\"breadcrumb\":{\"@id\":\"https:\/\/transportsminguet.com\/es\/condiciones-de-uso\/#breadcrumb\"},\"inLanguage\":\"es\",\"potentialAction\":[{\"@type\":\"ReadAction\",\"target\":[\"https:\/\/transportsminguet.com\/es\/condiciones-de-uso\/\"]}]},{\"@type\":\"BreadcrumbList\",\"@id\":\"https:\/\/transportsminguet.com\/es\/condiciones-de-uso\/#breadcrumb\",\"itemListElement\":[{\"@type\":\"ListItem\",\"position\":1,\"name\":\"Inici\",\"item\":\"https:\/\/transportsminguet.com\/es\/\"},{\"@type\":\"ListItem\",\"position\":2,\"name\":\"Condiciones de uso\"}]},{\"@type\":\"WebSite\",\"@id\":\"https:\/\/transportsminguet.com\/#website\",\"url\":\"https:\/\/transportsminguet.com\/\",\"name\":\"Transports Minguet\",\"description\":\"\",\"potentialAction\":[{\"@type\":\"SearchAction\",\"target\":{\"@type\":\"EntryPoint\",\"urlTemplate\":\"https:\/\/transportsminguet.com\/?s={search_term_string}\"},\"query-input\":{\"@type\":\"PropertyValueSpecification\",\"valueRequired\":true,\"valueName\":\"search_term_string\"}}],\"inLanguage\":\"es\"}]}<\/script>\n<!-- \/ Yoast SEO plugin. -->","yoast_head_json":{"title":"Condiciones de uso - Transports Minguet","robots":{"index":"index","follow":"follow","max-snippet":"max-snippet:-1","max-image-preview":"max-image-preview:large","max-video-preview":"max-video-preview:-1"},"canonical":"https:\/\/transportsminguet.com\/es\/condiciones-de-uso\/","og_locale":"es_ES","og_type":"article","og_title":"Condiciones de uso - Transports Minguet","og_description":"La utilizaci\u00f3n de esta publicaci\u00f3n digital implica la aceptaci\u00f3n de las siguientes condiciones de uso: La publicaci\u00f3n digital de Grup Transports Minguet , tiene como objetivo facilitar a nuestros clientes y al p\u00fablico en general la informaci\u00f3n relativa a la compa\u00f1\u00eda y a los productos y servicios que se ofrecen. Grup Transports Minguet se reserva [&hellip;]","og_url":"https:\/\/transportsminguet.com\/es\/condiciones-de-uso\/","og_site_name":"Transports Minguet","article_modified_time":"2023-03-24T16:05:40+00:00","twitter_card":"summary_large_image","twitter_misc":{"Tiempo de lectura":"3 minutos"},"schema":{"@context":"https:\/\/schema.org","@graph":[{"@type":"WebPage","@id":"https:\/\/transportsminguet.com\/es\/condiciones-de-uso\/","url":"https:\/\/transportsminguet.com\/es\/condiciones-de-uso\/","name":"Condiciones de uso - Transports Minguet","isPartOf":{"@id":"https:\/\/transportsminguet.com\/#website"},"datePublished":"2023-03-03T17:12:37+00:00","dateModified":"2023-03-24T16:05:40+00:00","breadcrumb":{"@id":"https:\/\/transportsminguet.com\/es\/condiciones-de-uso\/#breadcrumb"},"inLanguage":"es","potentialAction":[{"@type":"ReadAction","target":["https:\/\/transportsminguet.com\/es\/condiciones-de-uso\/"]}]},{"@type":"BreadcrumbList","@id":"https:\/\/transportsminguet.com\/es\/condiciones-de-uso\/#breadcrumb","itemListElement":[{"@type":"ListItem","position":1,"name":"Inici","item":"https:\/\/transportsminguet.com\/es\/"},{"@type":"ListItem","position":2,"name":"Condiciones de uso"}]},{"@type":"WebSite","@id":"https:\/\/transportsminguet.com\/#website","url":"https:\/\/transportsminguet.com\/","name":"Transports Minguet","description":"","potentialAction":[{"@type":"SearchAction","target":{"@type":"EntryPoint","urlTemplate":"https:\/\/transportsminguet.com\/?s={search_term_string}"},"query-input":{"@type":"PropertyValueSpecification","valueRequired":true,"valueName":"search_term_string"}}],"inLanguage":"es"}]}},"_links":{"self":[{"href":"https:\/\/transportsminguet.com\/es\/wp-json\/wp\/v2\/pages\/646","targetHints":{"allow":["GET"]}}],"collection":[{"href":"https:\/\/transportsminguet.com\/es\/wp-json\/wp\/v2\/pages"}],"about":[{"href":"https:\/\/transportsminguet.com\/es\/wp-json\/wp\/v2\/types\/page"}],"author":[{"embeddable":true,"href":"https:\/\/transportsminguet.com\/es\/wp-json\/wp\/v2\/users\/2"}],"replies":[{"embeddable":true,"href":"https:\/\/transportsminguet.com\/es\/wp-json\/wp\/v2\/comments?post=646"}],"version-history":[{"count":1,"href":"https:\/\/transportsminguet.com\/es\/wp-json\/wp\/v2\/pages\/646\/revisions"}],"predecessor-version":[{"id":647,"href":"https:\/\/transportsminguet.com\/es\/wp-json\/wp\/v2\/pages\/646\/revisions\/647"}],"wp:attachment":[{"href":"https:\/\/transportsminguet.com\/es\/wp-json\/wp\/v2\/media?parent=646"}],"wp:term":[{"taxonomy":"landing_page","embeddable":true,"href":"https:\/\/transportsminguet.com\/es\/wp-json\/wp\/v2\/landing_page?post=646"}],"curies":[{"name":"wp","href":"https:\/\/api.w.org\/{rel}","templated":true}]}}