{"id":915,"date":"2023-03-03T18:32:56","date_gmt":"2023-03-03T17:32:56","guid":{"rendered":"https:\/\/transportsminguet.com\/avis-juridique\/"},"modified":"2025-06-20T12:35:12","modified_gmt":"2025-06-20T11:35:12","slug":"avis-juridique","status":"publish","type":"page","link":"https:\/\/transportsminguet.com\/fr\/avis-juridique\/","title":{"rendered":"Avis juridique"},"content":{"rendered":"\n<p><strong>Grup Transports Minguet<\/strong>, en tant que propri\u00e9taire et responsable de ce site Web, et conform\u00e9ment aux dispositions de l'article 10 de la Loi 34\/2002 du 11 juillet sur les services de la soci\u00e9t\u00e9 de l'information et le commerce \u00e9lectronique de la l\u00e9gislation espagnole, met \u00e0 la disposition des utilisateurs les informations g\u00e9n\u00e9rales suivantes.<\/p>\n\n<p><strong>Grup Transports Minguet<\/strong> est compos\u00e9 des entreprises suivantes :<\/p>\n\n<p><strong>Minguet Trans <\/strong>est une S.A. dont le si\u00e8ge social est situ\u00e9 Carretera de la Canya 115 \u2013 17800 Olot (G\u00e9rone) \u2013 Espagne et qui est inscrite au registre du commerce de G\u00e9rone, tome 301, livre 216, section 3, page 28, feuille n\u00ba 3892, inscription 1, sous le num\u00e9ro d'identification fiscale (NIF) A 17 048 935.  <\/p>\n\n<p><strong>Hormigones Pirenaicos SA <\/strong>est une S.A. dont le si\u00e8ge social est situ\u00e9 Carretera de la Canya 115 \u2013 17800 Olot (G\u00e9rone) \u2013 Espagne et qui est inscrite au registre du commerce de G\u00e9rone, tome 158, livre 86, section 3, page 208, feuille n\u00ba 1558, inscription 1, sous le num\u00e9ro d'identification fiscale (NIF) B 17 021 551.  <\/p>\n\n<p><strong>Cales, Yesos y Cementos Olot<\/strong> est une S.A. dont le si\u00e8ge social est situ\u00e9 Carretera de la Canya 115 \u2013 17800 Olot (G\u00e9rone) \u2013 Espagne et qui est inscrite au registre du commerce de G\u00e9rone, page 1389, feuille 109, livre 41, sous le num\u00e9ro d'identification fiscale (NIF) A 17 003 054. <\/p>\n\n<p>Pour toute question ou r\u00e9clamation relative aux pages du site Internet www.grupminguet.com ainsi qu\u2019aux informations ou aux produits et services, les utilisateurs peuvent contacter :<\/p>\n\n<p><strong>Grup Transports Minguet<\/strong><br\/>Ctra. de la Canya, s\/n<br\/>17800 Olot (Girona) Espanya<br\/>Tel.: 972 262 050<br\/>e-mail: <a href=\"mailto:admin@transportsminguet.com\">admin@transportsminguet.com<\/a> <\/p>\n","protected":false},"excerpt":{"rendered":"<p>Grup Transports Minguet, en tant que propri\u00e9taire et responsable de ce site Web, et conform\u00e9ment aux dispositions de l'article 10 de la Loi 34\/2002 du 11 juillet sur les services de la soci\u00e9t\u00e9 de l'information et le commerce \u00e9lectronique de la l\u00e9gislation espagnole, met \u00e0 la disposition des utilisateurs les informations g\u00e9n\u00e9rales suivantes. Grup Transports [&hellip;]<\/p>\n","protected":false},"author":2,"featured_media":0,"parent":0,"menu_order":0,"comment_status":"closed","ping_status":"closed","template":"","meta":{"_acf_changed":false,"footnotes":""},"landing_page":[6],"class_list":["post-915","page","type-page","status-publish","hentry"],"acf":[],"yoast_head":"<!-- This site is optimized with the Yoast SEO plugin v27.0 - https:\/\/yoast.com\/product\/yoast-seo-wordpress\/ -->\n<title>Avis juridique - Transports Minguet<\/title>\n<meta name=\"robots\" content=\"index, follow, max-snippet:-1, max-image-preview:large, max-video-preview:-1\" \/>\n<link rel=\"canonical\" href=\"https:\/\/transportsminguet.com\/fr\/avis-juridique\/\" \/>\n<meta property=\"og:locale\" content=\"fr_FR\" \/>\n<meta property=\"og:type\" content=\"article\" \/>\n<meta property=\"og:title\" content=\"Avis juridique - Transports Minguet\" \/>\n<meta property=\"og:description\" content=\"Grup Transports Minguet, en tant que propri\u00e9taire et responsable de ce site Web, et conform\u00e9ment aux dispositions de l&#039;article 10 de la Loi 34\/2002 du 11 juillet sur les services de la soci\u00e9t\u00e9 de l&#039;information et le commerce \u00e9lectronique de la l\u00e9gislation espagnole, met \u00e0 la disposition des utilisateurs les informations g\u00e9n\u00e9rales suivantes. Grup Transports [&hellip;]\" \/>\n<meta property=\"og:url\" content=\"https:\/\/transportsminguet.com\/fr\/avis-juridique\/\" \/>\n<meta property=\"og:site_name\" content=\"Transports Minguet\" \/>\n<meta property=\"article:modified_time\" content=\"2025-06-20T11:35:12+00:00\" \/>\n<meta name=\"twitter:card\" content=\"summary_large_image\" \/>\n<meta name=\"twitter:label1\" content=\"Dur\u00e9e de lecture estim\u00e9e\" \/>\n\t<meta name=\"twitter:data1\" content=\"1 minute\" \/>\n<script type=\"application\/ld+json\" class=\"yoast-schema-graph\">{\"@context\":\"https:\/\/schema.org\",\"@graph\":[{\"@type\":\"WebPage\",\"@id\":\"https:\/\/transportsminguet.com\/fr\/avis-juridique\/\",\"url\":\"https:\/\/transportsminguet.com\/fr\/avis-juridique\/\",\"name\":\"Avis juridique - Transports Minguet\",\"isPartOf\":{\"@id\":\"https:\/\/transportsminguet.com\/#website\"},\"datePublished\":\"2023-03-03T17:32:56+00:00\",\"dateModified\":\"2025-06-20T11:35:12+00:00\",\"breadcrumb\":{\"@id\":\"https:\/\/transportsminguet.com\/fr\/avis-juridique\/#breadcrumb\"},\"inLanguage\":\"fr-FR\",\"potentialAction\":[{\"@type\":\"ReadAction\",\"target\":[\"https:\/\/transportsminguet.com\/fr\/avis-juridique\/\"]}]},{\"@type\":\"BreadcrumbList\",\"@id\":\"https:\/\/transportsminguet.com\/fr\/avis-juridique\/#breadcrumb\",\"itemListElement\":[{\"@type\":\"ListItem\",\"position\":1,\"name\":\"Inici\",\"item\":\"https:\/\/transportsminguet.com\/fr\/\"},{\"@type\":\"ListItem\",\"position\":2,\"name\":\"Avis juridique\"}]},{\"@type\":\"WebSite\",\"@id\":\"https:\/\/transportsminguet.com\/#website\",\"url\":\"https:\/\/transportsminguet.com\/\",\"name\":\"Transports Minguet\",\"description\":\"\",\"potentialAction\":[{\"@type\":\"SearchAction\",\"target\":{\"@type\":\"EntryPoint\",\"urlTemplate\":\"https:\/\/transportsminguet.com\/?s={search_term_string}\"},\"query-input\":{\"@type\":\"PropertyValueSpecification\",\"valueRequired\":true,\"valueName\":\"search_term_string\"}}],\"inLanguage\":\"fr-FR\"}]}<\/script>\n<!-- \/ Yoast SEO plugin. -->","yoast_head_json":{"title":"Avis juridique - Transports Minguet","robots":{"index":"index","follow":"follow","max-snippet":"max-snippet:-1","max-image-preview":"max-image-preview:large","max-video-preview":"max-video-preview:-1"},"canonical":"https:\/\/transportsminguet.com\/fr\/avis-juridique\/","og_locale":"fr_FR","og_type":"article","og_title":"Avis juridique - Transports Minguet","og_description":"Grup Transports Minguet, en tant que propri\u00e9taire et responsable de ce site Web, et conform\u00e9ment aux dispositions de l'article 10 de la Loi 34\/2002 du 11 juillet sur les services de la soci\u00e9t\u00e9 de l'information et le commerce \u00e9lectronique de la l\u00e9gislation espagnole, met \u00e0 la disposition des utilisateurs les informations g\u00e9n\u00e9rales suivantes. Grup Transports [&hellip;]","og_url":"https:\/\/transportsminguet.com\/fr\/avis-juridique\/","og_site_name":"Transports Minguet","article_modified_time":"2025-06-20T11:35:12+00:00","twitter_card":"summary_large_image","twitter_misc":{"Dur\u00e9e de lecture estim\u00e9e":"1 minute"},"schema":{"@context":"https:\/\/schema.org","@graph":[{"@type":"WebPage","@id":"https:\/\/transportsminguet.com\/fr\/avis-juridique\/","url":"https:\/\/transportsminguet.com\/fr\/avis-juridique\/","name":"Avis juridique - Transports Minguet","isPartOf":{"@id":"https:\/\/transportsminguet.com\/#website"},"datePublished":"2023-03-03T17:32:56+00:00","dateModified":"2025-06-20T11:35:12+00:00","breadcrumb":{"@id":"https:\/\/transportsminguet.com\/fr\/avis-juridique\/#breadcrumb"},"inLanguage":"fr-FR","potentialAction":[{"@type":"ReadAction","target":["https:\/\/transportsminguet.com\/fr\/avis-juridique\/"]}]},{"@type":"BreadcrumbList","@id":"https:\/\/transportsminguet.com\/fr\/avis-juridique\/#breadcrumb","itemListElement":[{"@type":"ListItem","position":1,"name":"Inici","item":"https:\/\/transportsminguet.com\/fr\/"},{"@type":"ListItem","position":2,"name":"Avis juridique"}]},{"@type":"WebSite","@id":"https:\/\/transportsminguet.com\/#website","url":"https:\/\/transportsminguet.com\/","name":"Transports Minguet","description":"","potentialAction":[{"@type":"SearchAction","target":{"@type":"EntryPoint","urlTemplate":"https:\/\/transportsminguet.com\/?s={search_term_string}"},"query-input":{"@type":"PropertyValueSpecification","valueRequired":true,"valueName":"search_term_string"}}],"inLanguage":"fr-FR"}]}},"_links":{"self":[{"href":"https:\/\/transportsminguet.com\/fr\/wp-json\/wp\/v2\/pages\/915","targetHints":{"allow":["GET"]}}],"collection":[{"href":"https:\/\/transportsminguet.com\/fr\/wp-json\/wp\/v2\/pages"}],"about":[{"href":"https:\/\/transportsminguet.com\/fr\/wp-json\/wp\/v2\/types\/page"}],"author":[{"embeddable":true,"href":"https:\/\/transportsminguet.com\/fr\/wp-json\/wp\/v2\/users\/2"}],"replies":[{"embeddable":true,"href":"https:\/\/transportsminguet.com\/fr\/wp-json\/wp\/v2\/comments?post=915"}],"version-history":[{"count":1,"href":"https:\/\/transportsminguet.com\/fr\/wp-json\/wp\/v2\/pages\/915\/revisions"}],"predecessor-version":[{"id":916,"href":"https:\/\/transportsminguet.com\/fr\/wp-json\/wp\/v2\/pages\/915\/revisions\/916"}],"wp:attachment":[{"href":"https:\/\/transportsminguet.com\/fr\/wp-json\/wp\/v2\/media?parent=915"}],"wp:term":[{"taxonomy":"landing_page","embeddable":true,"href":"https:\/\/transportsminguet.com\/fr\/wp-json\/wp\/v2\/landing_page?post=915"}],"curies":[{"name":"wp","href":"https:\/\/api.w.org\/{rel}","templated":true}]}}