{"id":917,"date":"2023-03-03T18:13:10","date_gmt":"2023-03-03T17:13:10","guid":{"rendered":"https:\/\/transportsminguet.com\/politique-de-confidentialite\/"},"modified":"2025-06-20T12:37:44","modified_gmt":"2025-06-20T11:37:44","slug":"politique-de-confidentialite","status":"publish","type":"page","link":"https:\/\/transportsminguet.com\/fr\/politique-de-confidentialite\/","title":{"rendered":"Politique de confidentialit\u00e9"},"content":{"rendered":"\n<p>Conform\u00e9ment \u00e0 la Loi 15\/1999 du 13 d\u00e9cembre sur la protection des donn\u00e9es personnelles de la l\u00e9gislation espagnole, l'utilisateur est inform\u00e9 que les donn\u00e9es personnelles fournies au travers de ce site Web seront trait\u00e9es conform\u00e9ment \u00e0 la Loi 15\/1999 de la l\u00e9gislation espagnole et \u00e0 ses r\u00e8glements d'application. Les donn\u00e9es fournies feront partie d'un fichier sous la responsabilit\u00e9 de<strong> Grup Transports Minguet<\/strong>, dont le but est de traiter les demandes d'information et toute autre question qui pourrait se poser, ainsi que de g\u00e9rer les communications de l'entreprise et l'envoi d'informations.<\/p>\n\n<p>En utilisant le formulaire de contact ou en envoyant un e-mail, l'utilisateur consent et accepte express\u00e9ment le traitement des donn\u00e9es de la mani\u00e8re indiqu\u00e9e, ainsi que l'envoi ult\u00e9rieur d'informations commerciales d'int\u00e9r\u00eat sur nos produits et services.<\/p>\n\n<p>Les utilisateurs peuvent exercer leurs droits d'acc\u00e8s, de rectification, d'opposition et d'annulation en \u00e9crivant \u00e0 la direction de<strong> Grup Transports Minguet<\/strong> \u00e0 l'adresse Carretera de la Canya, s\/n \u2013 17800 Olot (G\u00e9rone) \u2013 Espagne, ou par e-mail \u00e0 l\u2019adresse <a href=\"mailto:admin@transportsminguet.com\">admin@transportsminguet.com <\/a>en joignant dans les deux cas une photocopie de leur carte d'identit\u00e9.<\/p>\n","protected":false},"excerpt":{"rendered":"<p>Conform\u00e9ment \u00e0 la Loi 15\/1999 du 13 d\u00e9cembre sur la protection des donn\u00e9es personnelles de la l\u00e9gislation espagnole, l'utilisateur est inform\u00e9 que les donn\u00e9es personnelles fournies au travers de ce site Web seront trait\u00e9es conform\u00e9ment \u00e0 la Loi 15\/1999 de la l\u00e9gislation espagnole et \u00e0 ses r\u00e8glements d'application. Les donn\u00e9es fournies feront partie d'un fichier [&hellip;]<\/p>\n","protected":false},"author":2,"featured_media":0,"parent":0,"menu_order":0,"comment_status":"closed","ping_status":"closed","template":"","meta":{"_acf_changed":false,"footnotes":""},"landing_page":[6],"class_list":["post-917","page","type-page","status-publish","hentry"],"acf":[],"yoast_head":"<!-- This site is optimized with the Yoast SEO plugin v27.0 - https:\/\/yoast.com\/product\/yoast-seo-wordpress\/ -->\n<title>Politique de confidentialit\u00e9 - Transports Minguet<\/title>\n<meta name=\"robots\" content=\"index, follow, max-snippet:-1, max-image-preview:large, max-video-preview:-1\" \/>\n<link rel=\"canonical\" href=\"https:\/\/transportsminguet.com\/fr\/politique-de-confidentialite\/\" \/>\n<meta property=\"og:locale\" content=\"fr_FR\" \/>\n<meta property=\"og:type\" content=\"article\" \/>\n<meta property=\"og:title\" content=\"Politique de confidentialit\u00e9 - Transports Minguet\" \/>\n<meta property=\"og:description\" content=\"Conform\u00e9ment \u00e0 la Loi 15\/1999 du 13 d\u00e9cembre sur la protection des donn\u00e9es personnelles de la l\u00e9gislation espagnole, l&#039;utilisateur est inform\u00e9 que les donn\u00e9es personnelles fournies au travers de ce site Web seront trait\u00e9es conform\u00e9ment \u00e0 la Loi 15\/1999 de la l\u00e9gislation espagnole et \u00e0 ses r\u00e8glements d&#039;application. Les donn\u00e9es fournies feront partie d&#039;un fichier [&hellip;]\" \/>\n<meta property=\"og:url\" content=\"https:\/\/transportsminguet.com\/fr\/politique-de-confidentialite\/\" \/>\n<meta property=\"og:site_name\" content=\"Transports Minguet\" \/>\n<meta property=\"article:modified_time\" content=\"2025-06-20T11:37:44+00:00\" \/>\n<meta name=\"twitter:card\" content=\"summary_large_image\" \/>\n<meta name=\"twitter:label1\" content=\"Dur\u00e9e de lecture estim\u00e9e\" \/>\n\t<meta name=\"twitter:data1\" content=\"1 minute\" \/>\n<script type=\"application\/ld+json\" class=\"yoast-schema-graph\">{\"@context\":\"https:\/\/schema.org\",\"@graph\":[{\"@type\":\"WebPage\",\"@id\":\"https:\/\/transportsminguet.com\/fr\/politique-de-confidentialite\/\",\"url\":\"https:\/\/transportsminguet.com\/fr\/politique-de-confidentialite\/\",\"name\":\"Politique de confidentialit\u00e9 - Transports Minguet\",\"isPartOf\":{\"@id\":\"https:\/\/transportsminguet.com\/#website\"},\"datePublished\":\"2023-03-03T17:13:10+00:00\",\"dateModified\":\"2025-06-20T11:37:44+00:00\",\"breadcrumb\":{\"@id\":\"https:\/\/transportsminguet.com\/fr\/politique-de-confidentialite\/#breadcrumb\"},\"inLanguage\":\"fr-FR\",\"potentialAction\":[{\"@type\":\"ReadAction\",\"target\":[\"https:\/\/transportsminguet.com\/fr\/politique-de-confidentialite\/\"]}]},{\"@type\":\"BreadcrumbList\",\"@id\":\"https:\/\/transportsminguet.com\/fr\/politique-de-confidentialite\/#breadcrumb\",\"itemListElement\":[{\"@type\":\"ListItem\",\"position\":1,\"name\":\"Inici\",\"item\":\"https:\/\/transportsminguet.com\/fr\/\"},{\"@type\":\"ListItem\",\"position\":2,\"name\":\"Politique de confidentialit\u00e9\"}]},{\"@type\":\"WebSite\",\"@id\":\"https:\/\/transportsminguet.com\/#website\",\"url\":\"https:\/\/transportsminguet.com\/\",\"name\":\"Transports Minguet\",\"description\":\"\",\"potentialAction\":[{\"@type\":\"SearchAction\",\"target\":{\"@type\":\"EntryPoint\",\"urlTemplate\":\"https:\/\/transportsminguet.com\/?s={search_term_string}\"},\"query-input\":{\"@type\":\"PropertyValueSpecification\",\"valueRequired\":true,\"valueName\":\"search_term_string\"}}],\"inLanguage\":\"fr-FR\"}]}<\/script>\n<!-- \/ Yoast SEO plugin. -->","yoast_head_json":{"title":"Politique de confidentialit\u00e9 - Transports Minguet","robots":{"index":"index","follow":"follow","max-snippet":"max-snippet:-1","max-image-preview":"max-image-preview:large","max-video-preview":"max-video-preview:-1"},"canonical":"https:\/\/transportsminguet.com\/fr\/politique-de-confidentialite\/","og_locale":"fr_FR","og_type":"article","og_title":"Politique de confidentialit\u00e9 - Transports Minguet","og_description":"Conform\u00e9ment \u00e0 la Loi 15\/1999 du 13 d\u00e9cembre sur la protection des donn\u00e9es personnelles de la l\u00e9gislation espagnole, l'utilisateur est inform\u00e9 que les donn\u00e9es personnelles fournies au travers de ce site Web seront trait\u00e9es conform\u00e9ment \u00e0 la Loi 15\/1999 de la l\u00e9gislation espagnole et \u00e0 ses r\u00e8glements d'application. Les donn\u00e9es fournies feront partie d'un fichier [&hellip;]","og_url":"https:\/\/transportsminguet.com\/fr\/politique-de-confidentialite\/","og_site_name":"Transports Minguet","article_modified_time":"2025-06-20T11:37:44+00:00","twitter_card":"summary_large_image","twitter_misc":{"Dur\u00e9e de lecture estim\u00e9e":"1 minute"},"schema":{"@context":"https:\/\/schema.org","@graph":[{"@type":"WebPage","@id":"https:\/\/transportsminguet.com\/fr\/politique-de-confidentialite\/","url":"https:\/\/transportsminguet.com\/fr\/politique-de-confidentialite\/","name":"Politique de confidentialit\u00e9 - Transports Minguet","isPartOf":{"@id":"https:\/\/transportsminguet.com\/#website"},"datePublished":"2023-03-03T17:13:10+00:00","dateModified":"2025-06-20T11:37:44+00:00","breadcrumb":{"@id":"https:\/\/transportsminguet.com\/fr\/politique-de-confidentialite\/#breadcrumb"},"inLanguage":"fr-FR","potentialAction":[{"@type":"ReadAction","target":["https:\/\/transportsminguet.com\/fr\/politique-de-confidentialite\/"]}]},{"@type":"BreadcrumbList","@id":"https:\/\/transportsminguet.com\/fr\/politique-de-confidentialite\/#breadcrumb","itemListElement":[{"@type":"ListItem","position":1,"name":"Inici","item":"https:\/\/transportsminguet.com\/fr\/"},{"@type":"ListItem","position":2,"name":"Politique de confidentialit\u00e9"}]},{"@type":"WebSite","@id":"https:\/\/transportsminguet.com\/#website","url":"https:\/\/transportsminguet.com\/","name":"Transports Minguet","description":"","potentialAction":[{"@type":"SearchAction","target":{"@type":"EntryPoint","urlTemplate":"https:\/\/transportsminguet.com\/?s={search_term_string}"},"query-input":{"@type":"PropertyValueSpecification","valueRequired":true,"valueName":"search_term_string"}}],"inLanguage":"fr-FR"}]}},"_links":{"self":[{"href":"https:\/\/transportsminguet.com\/fr\/wp-json\/wp\/v2\/pages\/917","targetHints":{"allow":["GET"]}}],"collection":[{"href":"https:\/\/transportsminguet.com\/fr\/wp-json\/wp\/v2\/pages"}],"about":[{"href":"https:\/\/transportsminguet.com\/fr\/wp-json\/wp\/v2\/types\/page"}],"author":[{"embeddable":true,"href":"https:\/\/transportsminguet.com\/fr\/wp-json\/wp\/v2\/users\/2"}],"replies":[{"embeddable":true,"href":"https:\/\/transportsminguet.com\/fr\/wp-json\/wp\/v2\/comments?post=917"}],"version-history":[{"count":1,"href":"https:\/\/transportsminguet.com\/fr\/wp-json\/wp\/v2\/pages\/917\/revisions"}],"predecessor-version":[{"id":918,"href":"https:\/\/transportsminguet.com\/fr\/wp-json\/wp\/v2\/pages\/917\/revisions\/918"}],"wp:attachment":[{"href":"https:\/\/transportsminguet.com\/fr\/wp-json\/wp\/v2\/media?parent=917"}],"wp:term":[{"taxonomy":"landing_page","embeddable":true,"href":"https:\/\/transportsminguet.com\/fr\/wp-json\/wp\/v2\/landing_page?post=917"}],"curies":[{"name":"wp","href":"https:\/\/api.w.org\/{rel}","templated":true}]}}