{"id":919,"date":"2023-03-03T18:12:37","date_gmt":"2023-03-03T17:12:37","guid":{"rendered":"https:\/\/transportsminguet.com\/conditions-dutilisation\/"},"modified":"2025-06-20T13:59:01","modified_gmt":"2025-06-20T12:59:01","slug":"conditions-dutilisation","status":"publish","type":"page","link":"https:\/\/transportsminguet.com\/fr\/conditions-dutilisation\/","title":{"rendered":"Conditions d'utilisation"},"content":{"rendered":"\n<p>L'utilisation de cette publication num\u00e9rique implique l'acceptation des conditions d'utilisation d\u00e9taill\u00e9es \u00e0 la suite. <\/p>\n\n<p>La publication num\u00e9rique de <strong>Grup Transports Minguet<\/strong> a pour objectif de fournir \u00e0 nos clients et au public en g\u00e9n\u00e9ral des informations concernant l'entreprise ainsi que les produits et services offerts.<\/p>\n\n<p><strong>Grup Transports Minguet<\/strong> se r\u00e9serve le droit de modifier \u00e0 tout moment l'information contenue dans sa publication num\u00e9rique et d'en suspendre l'acc\u00e8s \u00e0 tout moment et sans pr\u00e9avis.<\/p>\n\n<p><strong>Grup Transports Minguet<\/strong> ne s'engage pas \u00e0 mettre imm\u00e9diatement \u00e0 jour les informations contenues dans la publication num\u00e9rique.<\/p>\n\n<p><strong>Grup Transports Minguet<\/strong> n'assume aucune responsabilit\u00e9 d\u00e9riv\u00e9e des contenus que des tiers mettraient \u00e0 disposition dans les liens et connexions auxquels il est fait r\u00e9f\u00e9rence dans ces pages.<\/p>\n\n<p><strong>Grup Transports Minguet<\/strong> d\u00e9cline toute responsabilit\u00e9 en cas de dommages ou de pr\u00e9judices caus\u00e9s au logiciel ou au mat\u00e9riel de l'utilisateur d\u00e9riv\u00e9s de l'acc\u00e8s \u00e0 sa publication num\u00e9rique ou \u00e0 l'utilisation de l'information ou des applications qu'elle contient.<\/p>\n\n<p><strong>Grup Transports Minguet<\/strong> d\u00e9tient tous les droits sur le logiciel de la publication num\u00e9rique ainsi que les droits de propri\u00e9t\u00e9 industrielle et intellectuelle relatifs aux contenus inclus, \u00e0 l'exception des droits sur les produits et services \u00e0 caract\u00e8re public qui NE sont PAS la propri\u00e9t\u00e9 de cette entreprise, dont les marques sont d\u00e9pos\u00e9es en faveur de leurs propri\u00e9taires respectifs et qui sont \u00e0 ce titre reconnues par<strong> Grup Transports Minguet.<\/strong> Aucun \u00e9l\u00e9ment de cette publication num\u00e9rique ne peut \u00eatre reproduit, copi\u00e9 ou publi\u00e9 sans l'accord \u00e9crit de <strong>Grup Transports Minguet.<\/strong><\/p>\n\n<p><strong>Grup Transports Minguet<\/strong> respectera scrupuleusement la confidentialit\u00e9 des donn\u00e9es \u00e0 caract\u00e8re personnel fournies par les visiteurs de la publication num\u00e9rique, en se conformant \u00e0 la l\u00e9gislation en vigueur en mati\u00e8re de protection des donn\u00e9es, et notamment \u00e0 la disposition de la Loi organique 15\/1999 du 13 d\u00e9cembre 1999 relative \u00e0 la protection des donn\u00e9es \u00e0 caract\u00e8re personnel de la l\u00e9gislation espagnole.<\/p>\n\n<p>Le courrier \u00e9lectronique n'est pas consid\u00e9r\u00e9 comme un moyen valable pour la pr\u00e9sentation de r\u00e9clamations. Pour ce faire, vous devez contacter le service client\u00e8le de Grup Transports Minguet, qui vous indiquera les points \u00e0 suivre dans chaque cas.<\/p>\n\n<p>Toute information re\u00e7ue sur ces pages, notamment les commentaires, les suggestions ou les id\u00e9es, sera consid\u00e9r\u00e9e comme c\u00e9d\u00e9e \u00e0 <strong>Grup Transports Minguet<\/strong>, \u00e0 titre gratuit. Veuillez ne pas envoyer d'informations qui NE peuvent PAS \u00eatre trait\u00e9es de la sorte.<\/p>\n\n<p>Tous les produits et services figurant sur ces pages qui N'appartiennent PAS \u00e0<strong> Grup Transports Minguet<\/strong> sont des marques d\u00e9pos\u00e9es de leurs propri\u00e9taires respectifs et sont reconnus comme tels par <strong>Grup Transports Minguet <\/strong>; ils apparaissent dans cette publication num\u00e9rique \u00e0 des fins de promotion et de compilation d'informations. Ces propri\u00e9taires peuvent demander la modification ou la suppression des informations les concernant. Par ailleurs, l'apparition de ces marques tierces n'implique pas n\u00e9cessairement leur recommandation.<\/p>\n\n<p>Toute notification et\/ou r\u00e9clamation, quel qu\u2019en soit le type, n'est valable que si elle est faite par \u00e9crit et\/ou par courrier recommand\u00e9.<\/p>\n","protected":false},"excerpt":{"rendered":"<p>L'utilisation de cette publication num\u00e9rique implique l'acceptation des conditions d'utilisation d\u00e9taill\u00e9es \u00e0 la suite. La publication num\u00e9rique de Grup Transports Minguet a pour objectif de fournir \u00e0 nos clients et au public en g\u00e9n\u00e9ral des informations concernant l'entreprise ainsi que les produits et services offerts. Grup Transports Minguet se r\u00e9serve le droit de modifier \u00e0 [&hellip;]<\/p>\n","protected":false},"author":2,"featured_media":0,"parent":0,"menu_order":0,"comment_status":"closed","ping_status":"closed","template":"","meta":{"_acf_changed":false,"footnotes":""},"landing_page":[6],"class_list":["post-919","page","type-page","status-publish","hentry"],"acf":[],"yoast_head":"<!-- This site is optimized with the Yoast SEO plugin v27.0 - https:\/\/yoast.com\/product\/yoast-seo-wordpress\/ -->\n<title>Conditions d&#039;utilisation - Transports Minguet<\/title>\n<meta name=\"robots\" content=\"index, follow, max-snippet:-1, max-image-preview:large, max-video-preview:-1\" \/>\n<link rel=\"canonical\" href=\"https:\/\/transportsminguet.com\/fr\/conditions-dutilisation\/\" \/>\n<meta property=\"og:locale\" content=\"fr_FR\" \/>\n<meta property=\"og:type\" content=\"article\" \/>\n<meta property=\"og:title\" content=\"Conditions d&#039;utilisation - Transports Minguet\" \/>\n<meta property=\"og:description\" content=\"L&#039;utilisation de cette publication num\u00e9rique implique l&#039;acceptation des conditions d&#039;utilisation d\u00e9taill\u00e9es \u00e0 la suite. La publication num\u00e9rique de Grup Transports Minguet a pour objectif de fournir \u00e0 nos clients et au public en g\u00e9n\u00e9ral des informations concernant l&#039;entreprise ainsi que les produits et services offerts. Grup Transports Minguet se r\u00e9serve le droit de modifier \u00e0 [&hellip;]\" \/>\n<meta property=\"og:url\" content=\"https:\/\/transportsminguet.com\/fr\/conditions-dutilisation\/\" \/>\n<meta property=\"og:site_name\" content=\"Transports Minguet\" \/>\n<meta property=\"article:modified_time\" content=\"2025-06-20T12:59:01+00:00\" \/>\n<meta name=\"twitter:card\" content=\"summary_large_image\" \/>\n<meta name=\"twitter:label1\" content=\"Dur\u00e9e de lecture estim\u00e9e\" \/>\n\t<meta name=\"twitter:data1\" content=\"3 minutes\" \/>\n<script type=\"application\/ld+json\" class=\"yoast-schema-graph\">{\"@context\":\"https:\/\/schema.org\",\"@graph\":[{\"@type\":\"WebPage\",\"@id\":\"https:\/\/transportsminguet.com\/fr\/conditions-dutilisation\/\",\"url\":\"https:\/\/transportsminguet.com\/fr\/conditions-dutilisation\/\",\"name\":\"Conditions d'utilisation - Transports Minguet\",\"isPartOf\":{\"@id\":\"https:\/\/transportsminguet.com\/#website\"},\"datePublished\":\"2023-03-03T17:12:37+00:00\",\"dateModified\":\"2025-06-20T12:59:01+00:00\",\"breadcrumb\":{\"@id\":\"https:\/\/transportsminguet.com\/fr\/conditions-dutilisation\/#breadcrumb\"},\"inLanguage\":\"fr-FR\",\"potentialAction\":[{\"@type\":\"ReadAction\",\"target\":[\"https:\/\/transportsminguet.com\/fr\/conditions-dutilisation\/\"]}]},{\"@type\":\"BreadcrumbList\",\"@id\":\"https:\/\/transportsminguet.com\/fr\/conditions-dutilisation\/#breadcrumb\",\"itemListElement\":[{\"@type\":\"ListItem\",\"position\":1,\"name\":\"Inici\",\"item\":\"https:\/\/transportsminguet.com\/fr\/\"},{\"@type\":\"ListItem\",\"position\":2,\"name\":\"Conditions d'utilisation\"}]},{\"@type\":\"WebSite\",\"@id\":\"https:\/\/transportsminguet.com\/#website\",\"url\":\"https:\/\/transportsminguet.com\/\",\"name\":\"Transports Minguet\",\"description\":\"\",\"potentialAction\":[{\"@type\":\"SearchAction\",\"target\":{\"@type\":\"EntryPoint\",\"urlTemplate\":\"https:\/\/transportsminguet.com\/?s={search_term_string}\"},\"query-input\":{\"@type\":\"PropertyValueSpecification\",\"valueRequired\":true,\"valueName\":\"search_term_string\"}}],\"inLanguage\":\"fr-FR\"}]}<\/script>\n<!-- \/ Yoast SEO plugin. -->","yoast_head_json":{"title":"Conditions d'utilisation - Transports Minguet","robots":{"index":"index","follow":"follow","max-snippet":"max-snippet:-1","max-image-preview":"max-image-preview:large","max-video-preview":"max-video-preview:-1"},"canonical":"https:\/\/transportsminguet.com\/fr\/conditions-dutilisation\/","og_locale":"fr_FR","og_type":"article","og_title":"Conditions d'utilisation - Transports Minguet","og_description":"L'utilisation de cette publication num\u00e9rique implique l'acceptation des conditions d'utilisation d\u00e9taill\u00e9es \u00e0 la suite. La publication num\u00e9rique de Grup Transports Minguet a pour objectif de fournir \u00e0 nos clients et au public en g\u00e9n\u00e9ral des informations concernant l'entreprise ainsi que les produits et services offerts. Grup Transports Minguet se r\u00e9serve le droit de modifier \u00e0 [&hellip;]","og_url":"https:\/\/transportsminguet.com\/fr\/conditions-dutilisation\/","og_site_name":"Transports Minguet","article_modified_time":"2025-06-20T12:59:01+00:00","twitter_card":"summary_large_image","twitter_misc":{"Dur\u00e9e de lecture estim\u00e9e":"3 minutes"},"schema":{"@context":"https:\/\/schema.org","@graph":[{"@type":"WebPage","@id":"https:\/\/transportsminguet.com\/fr\/conditions-dutilisation\/","url":"https:\/\/transportsminguet.com\/fr\/conditions-dutilisation\/","name":"Conditions d'utilisation - Transports Minguet","isPartOf":{"@id":"https:\/\/transportsminguet.com\/#website"},"datePublished":"2023-03-03T17:12:37+00:00","dateModified":"2025-06-20T12:59:01+00:00","breadcrumb":{"@id":"https:\/\/transportsminguet.com\/fr\/conditions-dutilisation\/#breadcrumb"},"inLanguage":"fr-FR","potentialAction":[{"@type":"ReadAction","target":["https:\/\/transportsminguet.com\/fr\/conditions-dutilisation\/"]}]},{"@type":"BreadcrumbList","@id":"https:\/\/transportsminguet.com\/fr\/conditions-dutilisation\/#breadcrumb","itemListElement":[{"@type":"ListItem","position":1,"name":"Inici","item":"https:\/\/transportsminguet.com\/fr\/"},{"@type":"ListItem","position":2,"name":"Conditions d'utilisation"}]},{"@type":"WebSite","@id":"https:\/\/transportsminguet.com\/#website","url":"https:\/\/transportsminguet.com\/","name":"Transports Minguet","description":"","potentialAction":[{"@type":"SearchAction","target":{"@type":"EntryPoint","urlTemplate":"https:\/\/transportsminguet.com\/?s={search_term_string}"},"query-input":{"@type":"PropertyValueSpecification","valueRequired":true,"valueName":"search_term_string"}}],"inLanguage":"fr-FR"}]}},"_links":{"self":[{"href":"https:\/\/transportsminguet.com\/fr\/wp-json\/wp\/v2\/pages\/919","targetHints":{"allow":["GET"]}}],"collection":[{"href":"https:\/\/transportsminguet.com\/fr\/wp-json\/wp\/v2\/pages"}],"about":[{"href":"https:\/\/transportsminguet.com\/fr\/wp-json\/wp\/v2\/types\/page"}],"author":[{"embeddable":true,"href":"https:\/\/transportsminguet.com\/fr\/wp-json\/wp\/v2\/users\/2"}],"replies":[{"embeddable":true,"href":"https:\/\/transportsminguet.com\/fr\/wp-json\/wp\/v2\/comments?post=919"}],"version-history":[{"count":1,"href":"https:\/\/transportsminguet.com\/fr\/wp-json\/wp\/v2\/pages\/919\/revisions"}],"predecessor-version":[{"id":920,"href":"https:\/\/transportsminguet.com\/fr\/wp-json\/wp\/v2\/pages\/919\/revisions\/920"}],"wp:attachment":[{"href":"https:\/\/transportsminguet.com\/fr\/wp-json\/wp\/v2\/media?parent=919"}],"wp:term":[{"taxonomy":"landing_page","embeddable":true,"href":"https:\/\/transportsminguet.com\/fr\/wp-json\/wp\/v2\/landing_page?post=919"}],"curies":[{"name":"wp","href":"https:\/\/api.w.org\/{rel}","templated":true}]}}