{"id":921,"date":"2023-03-03T18:11:49","date_gmt":"2023-03-03T17:11:49","guid":{"rendered":"https:\/\/transportsminguet.com\/politique-en-matiere-de-cookies\/"},"modified":"2025-06-20T14:04:09","modified_gmt":"2025-06-20T13:04:09","slug":"politique-en-matiere-de-cookies","status":"publish","type":"page","link":"https:\/\/transportsminguet.com\/fr\/politique-en-matiere-de-cookies\/","title":{"rendered":"Politique en mati\u00e8re de cookies"},"content":{"rendered":"\n<p>Le groupe Transports Minguet informe que ce site Web utilise ses propres cookies, ainsi que ceux de tiers, afin d\u2019am\u00e9liorer nos services et d\u2019afficher des publicit\u00e9s en rapport avec vos pr\u00e9f\u00e9rences en analysant votre navigation.<\/p>\n\n<h2 class=\"wp-block-heading\">D\u00e9finition des cookies<\/h2>\n\n<p>Qu'est-ce qu'un cookie ? Un cookie est un fichier qui est t\u00e9l\u00e9charg\u00e9 sur votre ordinateur lorsque vous visitez certains sites Web Les cookies stockent et r\u00e9cup\u00e8rent des informations sur les habitudes de navigation d'un utilisateur ou de son \u00e9quipement et, selon la fa\u00e7on dont l'\u00e9quipement est utilis\u00e9, peuvent \u00eatre utilis\u00e9s pour reconna\u00eetre l'utilisateur.<\/p>\n\n<h2 class=\"wp-block-heading\">Quels types de cookies ce site Web utilise-t-il ?<\/h2>\n\n<p>Cookies d'analyse : Il s'agit de cookies, trait\u00e9s par nous ou par des tiers, qui quantifient le nombre d'utilisateurs qui visitent notre site Web et nous permettent d'effectuer une analyse statistique de leur navigation afin d'am\u00e9liorer l\u2019offre de produits ou de services que nous proposons.<br\/>L'application que nous utilisons pour collecter et analyser les informations de navigation est Google Analytics : <a rel=\"noreferrer noopener\" href=\"http:\/\/www.google.com\/analytics\" target=\"_blank\">Analytics<\/a>\/ et <a rel=\"noreferrer noopener\" href=\"http:\/\/www.google.es\/intl\/es\/analytics\/privacyoverview.html\" target=\"_blank\">aper\u00e7u concernant la protection des donn\u00e9es.<\/a><\/p>\n\n<p>Cette application a \u00e9t\u00e9 d\u00e9velopp\u00e9e par Google, et nous permet de mesurer les statistiques de notre site Web. Cette entreprise peut utiliser vos donn\u00e9es pour am\u00e9liorer ses propres services et pour offrir des services \u00e0 d'autres entreprises. Vous pouvez en savoir plus sur leur politique en cliquant sur les liens ci-dessous.<\/p>\n\n<p>pouvez en savoir plus sur leur politique en cliquant sur les liens ci-dessous.<br\/>Cet outil n'obtient pas les donn\u00e9es relatives aux noms et pr\u00e9noms ni l'adresse postale \u00e0 partir de laquelle la connexion est r\u00e9alis\u00e9e. Les informations concernent le nombre de pages visit\u00e9es, la langue, le r\u00e9seau social sur lequel sont publi\u00e9es nos actualit\u00e9s, la ville o\u00f9 l'adresse IP est attribu\u00e9e, le nombre d'utilisateurs qui visitent le site, la fr\u00e9quence et la r\u00e9currence des utilisateurs, l'op\u00e9rateur ou le type de terminal \u00e0 partir duquel la visite est effectu\u00e9e.<\/p>\n\n<h2 class=\"wp-block-heading\">Vous pouvez autoriser, bloquer ou supprimer les cookies sur votre ordinateur.<\/h2>\n\n<p>Les cookies install\u00e9s sur votre ordinateur peuvent \u00eatre bloqu\u00e9s ou supprim\u00e9s en configurant les options de votre navigateur. Veuillez utiliser le lien fourni en fonction du navigateur que vous utilisez : Veuillez utiliser le lien fourni en fonction du navigateur que vous utilisez :<\/p>\n\n<figure class=\"wp-block-table is-style-stripes\"><table><tbody><tr><td>Firefox<\/td><td>http:\/\/support.mozilla.org\/es\/products\/firefox\/cookies<\/td><\/tr><tr><td>Chrome<\/td><td>http:\/\/support.google.com\/chrome\/bin\/answer.py?hl=es&amp;answer=95647<\/td><\/tr><tr><td>Explorer<\/td><td>http:\/\/windows.microsoft.com\/es-es\/windows7\/how-to-manage-cookies-in-internet-explorer-9<\/td><\/tr><tr><td>Safari<\/td><td>http:\/\/support.apple.com\/kb\/ph5042<\/td><\/tr><tr><td>Opera<\/td><td>http:\/\/help.opera.com\/Windows\/11.50\/es-ES\/cookies.html<\/td><\/tr><tr><td>Facebook<\/td><td>https:\/\/es-es.facebook.com\/about\/privacy\/<\/td><\/tr><tr><td>Twitter<\/td><td>https:\/\/twitter.com\/privacy<\/td><\/tr><tr><td>Pinterest<\/td><td>http:\/\/es.about.pinterest.com\/privacy\/<\/td><\/tr><tr><td>Linkedin<\/td><td>http:\/\/es.linkedin.com\/legal\/cookie-policy<\/td><\/tr><tr><td>Google Plus<\/td><td>https:\/\/www.google.es\/intl\/es\/policies\/technologies\/types\/<\/td><\/tr><\/tbody><\/table><\/figure>\n","protected":false},"excerpt":{"rendered":"<p>Le groupe Transports Minguet informe que ce site Web utilise ses propres cookies, ainsi que ceux de tiers, afin d\u2019am\u00e9liorer nos services et d\u2019afficher des publicit\u00e9s en rapport avec vos pr\u00e9f\u00e9rences en analysant votre navigation. D\u00e9finition des cookies Qu'est-ce qu'un cookie ? Un cookie est un fichier qui est t\u00e9l\u00e9charg\u00e9 sur votre ordinateur lorsque vous [&hellip;]<\/p>\n","protected":false},"author":2,"featured_media":0,"parent":0,"menu_order":0,"comment_status":"closed","ping_status":"closed","template":"","meta":{"_acf_changed":false,"footnotes":""},"landing_page":[6],"class_list":["post-921","page","type-page","status-publish","hentry"],"acf":[],"yoast_head":"<!-- This site is optimized with the Yoast SEO plugin v27.0 - https:\/\/yoast.com\/product\/yoast-seo-wordpress\/ -->\n<title>Politique en mati\u00e8re de cookies - Transports Minguet<\/title>\n<meta name=\"robots\" content=\"index, follow, max-snippet:-1, max-image-preview:large, max-video-preview:-1\" \/>\n<link rel=\"canonical\" href=\"https:\/\/transportsminguet.com\/fr\/politique-en-matiere-de-cookies\/\" \/>\n<meta property=\"og:locale\" content=\"fr_FR\" \/>\n<meta property=\"og:type\" content=\"article\" \/>\n<meta property=\"og:title\" content=\"Politique en mati\u00e8re de cookies - Transports Minguet\" \/>\n<meta property=\"og:description\" content=\"Le groupe Transports Minguet informe que ce site Web utilise ses propres cookies, ainsi que ceux de tiers, afin d\u2019am\u00e9liorer nos services et d\u2019afficher des publicit\u00e9s en rapport avec vos pr\u00e9f\u00e9rences en analysant votre navigation. D\u00e9finition des cookies Qu&#039;est-ce qu&#039;un cookie ? Un cookie est un fichier qui est t\u00e9l\u00e9charg\u00e9 sur votre ordinateur lorsque vous [&hellip;]\" \/>\n<meta property=\"og:url\" content=\"https:\/\/transportsminguet.com\/fr\/politique-en-matiere-de-cookies\/\" \/>\n<meta property=\"og:site_name\" content=\"Transports Minguet\" \/>\n<meta property=\"article:modified_time\" content=\"2025-06-20T13:04:09+00:00\" \/>\n<meta name=\"twitter:card\" content=\"summary_large_image\" \/>\n<meta name=\"twitter:label1\" content=\"Dur\u00e9e de lecture estim\u00e9e\" \/>\n\t<meta name=\"twitter:data1\" content=\"2 minutes\" \/>\n<script type=\"application\/ld+json\" class=\"yoast-schema-graph\">{\"@context\":\"https:\/\/schema.org\",\"@graph\":[{\"@type\":\"WebPage\",\"@id\":\"https:\/\/transportsminguet.com\/fr\/politique-en-matiere-de-cookies\/\",\"url\":\"https:\/\/transportsminguet.com\/fr\/politique-en-matiere-de-cookies\/\",\"name\":\"Politique en mati\u00e8re de cookies - Transports Minguet\",\"isPartOf\":{\"@id\":\"https:\/\/transportsminguet.com\/#website\"},\"datePublished\":\"2023-03-03T17:11:49+00:00\",\"dateModified\":\"2025-06-20T13:04:09+00:00\",\"breadcrumb\":{\"@id\":\"https:\/\/transportsminguet.com\/fr\/politique-en-matiere-de-cookies\/#breadcrumb\"},\"inLanguage\":\"fr-FR\",\"potentialAction\":[{\"@type\":\"ReadAction\",\"target\":[\"https:\/\/transportsminguet.com\/fr\/politique-en-matiere-de-cookies\/\"]}]},{\"@type\":\"BreadcrumbList\",\"@id\":\"https:\/\/transportsminguet.com\/fr\/politique-en-matiere-de-cookies\/#breadcrumb\",\"itemListElement\":[{\"@type\":\"ListItem\",\"position\":1,\"name\":\"Inici\",\"item\":\"https:\/\/transportsminguet.com\/fr\/\"},{\"@type\":\"ListItem\",\"position\":2,\"name\":\"Politique en mati\u00e8re de cookies\"}]},{\"@type\":\"WebSite\",\"@id\":\"https:\/\/transportsminguet.com\/#website\",\"url\":\"https:\/\/transportsminguet.com\/\",\"name\":\"Transports Minguet\",\"description\":\"\",\"potentialAction\":[{\"@type\":\"SearchAction\",\"target\":{\"@type\":\"EntryPoint\",\"urlTemplate\":\"https:\/\/transportsminguet.com\/?s={search_term_string}\"},\"query-input\":{\"@type\":\"PropertyValueSpecification\",\"valueRequired\":true,\"valueName\":\"search_term_string\"}}],\"inLanguage\":\"fr-FR\"}]}<\/script>\n<!-- \/ Yoast SEO plugin. -->","yoast_head_json":{"title":"Politique en mati\u00e8re de cookies - Transports Minguet","robots":{"index":"index","follow":"follow","max-snippet":"max-snippet:-1","max-image-preview":"max-image-preview:large","max-video-preview":"max-video-preview:-1"},"canonical":"https:\/\/transportsminguet.com\/fr\/politique-en-matiere-de-cookies\/","og_locale":"fr_FR","og_type":"article","og_title":"Politique en mati\u00e8re de cookies - Transports Minguet","og_description":"Le groupe Transports Minguet informe que ce site Web utilise ses propres cookies, ainsi que ceux de tiers, afin d\u2019am\u00e9liorer nos services et d\u2019afficher des publicit\u00e9s en rapport avec vos pr\u00e9f\u00e9rences en analysant votre navigation. D\u00e9finition des cookies Qu'est-ce qu'un cookie ? Un cookie est un fichier qui est t\u00e9l\u00e9charg\u00e9 sur votre ordinateur lorsque vous [&hellip;]","og_url":"https:\/\/transportsminguet.com\/fr\/politique-en-matiere-de-cookies\/","og_site_name":"Transports Minguet","article_modified_time":"2025-06-20T13:04:09+00:00","twitter_card":"summary_large_image","twitter_misc":{"Dur\u00e9e de lecture estim\u00e9e":"2 minutes"},"schema":{"@context":"https:\/\/schema.org","@graph":[{"@type":"WebPage","@id":"https:\/\/transportsminguet.com\/fr\/politique-en-matiere-de-cookies\/","url":"https:\/\/transportsminguet.com\/fr\/politique-en-matiere-de-cookies\/","name":"Politique en mati\u00e8re de cookies - Transports Minguet","isPartOf":{"@id":"https:\/\/transportsminguet.com\/#website"},"datePublished":"2023-03-03T17:11:49+00:00","dateModified":"2025-06-20T13:04:09+00:00","breadcrumb":{"@id":"https:\/\/transportsminguet.com\/fr\/politique-en-matiere-de-cookies\/#breadcrumb"},"inLanguage":"fr-FR","potentialAction":[{"@type":"ReadAction","target":["https:\/\/transportsminguet.com\/fr\/politique-en-matiere-de-cookies\/"]}]},{"@type":"BreadcrumbList","@id":"https:\/\/transportsminguet.com\/fr\/politique-en-matiere-de-cookies\/#breadcrumb","itemListElement":[{"@type":"ListItem","position":1,"name":"Inici","item":"https:\/\/transportsminguet.com\/fr\/"},{"@type":"ListItem","position":2,"name":"Politique en mati\u00e8re de cookies"}]},{"@type":"WebSite","@id":"https:\/\/transportsminguet.com\/#website","url":"https:\/\/transportsminguet.com\/","name":"Transports Minguet","description":"","potentialAction":[{"@type":"SearchAction","target":{"@type":"EntryPoint","urlTemplate":"https:\/\/transportsminguet.com\/?s={search_term_string}"},"query-input":{"@type":"PropertyValueSpecification","valueRequired":true,"valueName":"search_term_string"}}],"inLanguage":"fr-FR"}]}},"_links":{"self":[{"href":"https:\/\/transportsminguet.com\/fr\/wp-json\/wp\/v2\/pages\/921","targetHints":{"allow":["GET"]}}],"collection":[{"href":"https:\/\/transportsminguet.com\/fr\/wp-json\/wp\/v2\/pages"}],"about":[{"href":"https:\/\/transportsminguet.com\/fr\/wp-json\/wp\/v2\/types\/page"}],"author":[{"embeddable":true,"href":"https:\/\/transportsminguet.com\/fr\/wp-json\/wp\/v2\/users\/2"}],"replies":[{"embeddable":true,"href":"https:\/\/transportsminguet.com\/fr\/wp-json\/wp\/v2\/comments?post=921"}],"version-history":[{"count":1,"href":"https:\/\/transportsminguet.com\/fr\/wp-json\/wp\/v2\/pages\/921\/revisions"}],"predecessor-version":[{"id":922,"href":"https:\/\/transportsminguet.com\/fr\/wp-json\/wp\/v2\/pages\/921\/revisions\/922"}],"wp:attachment":[{"href":"https:\/\/transportsminguet.com\/fr\/wp-json\/wp\/v2\/media?parent=921"}],"wp:term":[{"taxonomy":"landing_page","embeddable":true,"href":"https:\/\/transportsminguet.com\/fr\/wp-json\/wp\/v2\/landing_page?post=921"}],"curies":[{"name":"wp","href":"https:\/\/api.w.org\/{rel}","templated":true}]}}